{"id":10771,"date":"2022-12-07T11:13:52","date_gmt":"2022-12-07T10:13:52","guid":{"rendered":"https:\/\/outbase.eu\/?post_type=product&#038;p=10771"},"modified":"2025-05-29T15:42:18","modified_gmt":"2025-05-29T13:42:18","slug":"gift-certificate-cycling-croatian-islands","status":"publish","type":"product","link":"https:\/\/outbase.eu\/en\/izdelek\/gift-certificate-cycling-croatian-islands\/","title":{"rendered":"Gift Certificate | Cycling the Croatian Islands"},"content":{"rendered":"","protected":false},"excerpt":{"rendered":"<div id=\"cz_41190\" class=\"cz_41190 cz_title clr cz_smart_fs cz_title_pos_inline\">\n<div class=\"cz_title_content\">\n<div class=\"cz_wpe_content\">\n<h5><strong>8-day Cycling holidays in Croatia with island hopping and cycling through typical island landscapes, taking in the beauty of old stone towns and pebble beaches. Visiting \u0160olta, Bra\u010d, Hvar, Kor\u010dula, Mljet and Pelje\u0161ac before concluding the tour in Dubrovnik. A true Dalmatian cycling delight.<\/strong><\/h5>\n<\/div>\n<\/div>\n<\/div>\n<div class=\"cz_gap clr \">The Dalmatian Coast is one of the true wonders of Europe, with the clearest waters in the Adriatic Sea, magnificent historic and cultural interest. Experiencing this special region by bike is by far the most rewarding way to travel.\u00a0Exploring small fishing villages and the stunning Dalmatian Coast landscapes. The magical towns of Dubrovnik and Split. Enjoying the regional cuisine and relaxing at night in your self contained apartment.<\/div>\n<div id=\"cz_63186\" class=\"cz_63186 cz_title clr cz_title_pos_inline\">\n<div class=\"cz_title_content\">\n<div class=\"cz_wpe_content\">\n<p>From your arrival in Split until the end point in Dubrovnik, your journey will take you to the beautiful islands of \u0160olta, Bra\u010d, Hvar, Mljet and Kor\u010dula, traveling by bike, ferry boats and catamarans. You will enjoy your cycle between seaside villages, tiny medieval walled towns and lovely quiet pebbled bays, set against a backdrop of pine forests and mountains. The trip concludes in the well known town of Dubrovnik, where you can admire the architecture of the old stone town center.<\/p>\n<\/div>\n<p><strong>The tour was created by professional staff of LIFE Adventures, with more than 20 years of tradition and knowledge in outdoor tourism. You will receive the GIFT VOUCHER in a PDF format to your e-mail address.<\/strong> We can also send a gift voucher printed on quality paper and in a hard\/gift envelope to your preferred postal address.<\/p>\n<\/div>\n<\/div>\n","protected":false},"featured_media":10700,"comment_status":"open","ping_status":"closed","template":"","meta":[],"product_brand":[],"product_cat":[362,267],"product_tag":[],"class_list":{"0":"post-10771","1":"product","2":"type-product","3":"status-publish","4":"has-post-thumbnail","6":"product_cat-all-items","7":"product_cat-gift-certificates","8":"tm-has-options","10":"first","11":"instock","12":"downloadable","13":"virtual","14":"taxable","15":"purchasable","16":"product-type-simple"},"yoast_head":"<!-- This site is optimized with the Yoast SEO plugin v26.7 - https:\/\/yoast.com\/wordpress\/plugins\/seo\/ -->\n<title>Cycling Croatian Islands | Croatia | Gift Certificate | Outbase Shop<\/title>\n<meta name=\"description\" content=\"Experience Sky Running Across the Julian Alps with full organisational support, so you can focus on what matters most - your next step. Gift Certificate!\" \/>\n<meta name=\"robots\" content=\"index, follow, max-snippet:-1, max-image-preview:large, max-video-preview:-1\" \/>\n<link rel=\"canonical\" href=\"https:\/\/outbase.eu\/en\/izdelek\/gift-certificate-cycling-croatian-islands\/\" \/>\n<meta property=\"og:locale\" content=\"en_US\" \/>\n<meta property=\"og:type\" content=\"article\" \/>\n<meta property=\"og:title\" content=\"Cycling Croatian Islands | Croatia | Gift Certificate | Outbase Shop\" \/>\n<meta property=\"og:description\" content=\"Experience Sky Running Across the Julian Alps with full organisational support, so you can focus on what matters most - your next step. Gift Certificate!\" \/>\n<meta property=\"og:url\" content=\"https:\/\/outbase.eu\/en\/izdelek\/gift-certificate-cycling-croatian-islands\/\" \/>\n<meta property=\"og:site_name\" content=\"Outbase\" \/>\n<meta property=\"article:modified_time\" content=\"2025-05-29T13:42:18+00:00\" \/>\n<meta property=\"og:image\" content=\"https:\/\/outbase.eu\/wp-content\/uploads\/2022\/12\/LA_gift_certificate_cycling_croatian_islands.jpg\" \/>\n\t<meta property=\"og:image:width\" content=\"595\" \/>\n\t<meta property=\"og:image:height\" content=\"369\" \/>\n\t<meta property=\"og:image:type\" content=\"image\/jpeg\" \/>\n<meta name=\"twitter:card\" content=\"summary_large_image\" \/>\n<script type=\"application\/ld+json\" class=\"yoast-schema-graph\">{\"@context\":\"https:\/\/schema.org\",\"@graph\":[{\"@type\":\"WebPage\",\"@id\":\"https:\/\/outbase.eu\/en\/izdelek\/gift-certificate-cycling-croatian-islands\/\",\"url\":\"https:\/\/outbase.eu\/en\/izdelek\/gift-certificate-cycling-croatian-islands\/\",\"name\":\"Cycling Croatian Islands | Croatia | Gift Certificate | Outbase Shop\",\"isPartOf\":{\"@id\":\"https:\/\/outbase.eu\/en\/#website\"},\"primaryImageOfPage\":{\"@id\":\"https:\/\/outbase.eu\/en\/izdelek\/gift-certificate-cycling-croatian-islands\/#primaryimage\"},\"image\":{\"@id\":\"https:\/\/outbase.eu\/en\/izdelek\/gift-certificate-cycling-croatian-islands\/#primaryimage\"},\"thumbnailUrl\":\"https:\/\/outbase.eu\/wp-content\/uploads\/2022\/12\/LA_gift_certificate_cycling_croatian_islands.jpg\",\"datePublished\":\"2022-12-07T10:13:52+00:00\",\"dateModified\":\"2025-05-29T13:42:18+00:00\",\"description\":\"Experience Sky Running Across the Julian Alps with full organisational support, so you can focus on what matters most - your next step. Gift Certificate!\",\"breadcrumb\":{\"@id\":\"https:\/\/outbase.eu\/en\/izdelek\/gift-certificate-cycling-croatian-islands\/#breadcrumb\"},\"inLanguage\":\"en-US\",\"potentialAction\":[{\"@type\":\"ReadAction\",\"target\":[\"https:\/\/outbase.eu\/en\/izdelek\/gift-certificate-cycling-croatian-islands\/\"]}]},{\"@type\":\"ImageObject\",\"inLanguage\":\"en-US\",\"@id\":\"https:\/\/outbase.eu\/en\/izdelek\/gift-certificate-cycling-croatian-islands\/#primaryimage\",\"url\":\"https:\/\/outbase.eu\/wp-content\/uploads\/2022\/12\/LA_gift_certificate_cycling_croatian_islands.jpg\",\"contentUrl\":\"https:\/\/outbase.eu\/wp-content\/uploads\/2022\/12\/LA_gift_certificate_cycling_croatian_islands.jpg\",\"width\":595,\"height\":369},{\"@type\":\"BreadcrumbList\",\"@id\":\"https:\/\/outbase.eu\/en\/izdelek\/gift-certificate-cycling-croatian-islands\/#breadcrumb\",\"itemListElement\":[{\"@type\":\"ListItem\",\"position\":1,\"name\":\"Home\",\"item\":\"https:\/\/outbase.eu\/en\/\"},{\"@type\":\"ListItem\",\"position\":2,\"name\":\"Shop\",\"item\":\"https:\/\/outbase.eu\/en\/shop\/\"},{\"@type\":\"ListItem\",\"position\":3,\"name\":\"Gift Certificate | Cycling the Croatian Islands\"}]},{\"@type\":\"WebSite\",\"@id\":\"https:\/\/outbase.eu\/en\/#website\",\"url\":\"https:\/\/outbase.eu\/en\/\",\"name\":\"Outbase\",\"description\":\"Outdoor Lifestyle Trgovina\",\"potentialAction\":[{\"@type\":\"SearchAction\",\"target\":{\"@type\":\"EntryPoint\",\"urlTemplate\":\"https:\/\/outbase.eu\/en\/?s={search_term_string}\"},\"query-input\":{\"@type\":\"PropertyValueSpecification\",\"valueRequired\":true,\"valueName\":\"search_term_string\"}}],\"inLanguage\":\"en-US\"}]}<\/script>\n<!-- \/ Yoast SEO plugin. -->","yoast_head_json":{"title":"Cycling Croatian Islands | Croatia | Gift Certificate | Outbase Shop","description":"Experience Sky Running Across the Julian Alps with full organisational support, so you can focus on what matters most - your next step. Gift Certificate!","robots":{"index":"index","follow":"follow","max-snippet":"max-snippet:-1","max-image-preview":"max-image-preview:large","max-video-preview":"max-video-preview:-1"},"canonical":"https:\/\/outbase.eu\/en\/izdelek\/gift-certificate-cycling-croatian-islands\/","og_locale":"en_US","og_type":"article","og_title":"Cycling Croatian Islands | Croatia | Gift Certificate | Outbase Shop","og_description":"Experience Sky Running Across the Julian Alps with full organisational support, so you can focus on what matters most - your next step. Gift Certificate!","og_url":"https:\/\/outbase.eu\/en\/izdelek\/gift-certificate-cycling-croatian-islands\/","og_site_name":"Outbase","article_modified_time":"2025-05-29T13:42:18+00:00","og_image":[{"width":595,"height":369,"url":"https:\/\/outbase.eu\/wp-content\/uploads\/2022\/12\/LA_gift_certificate_cycling_croatian_islands.jpg","type":"image\/jpeg"}],"twitter_card":"summary_large_image","schema":{"@context":"https:\/\/schema.org","@graph":[{"@type":"WebPage","@id":"https:\/\/outbase.eu\/en\/izdelek\/gift-certificate-cycling-croatian-islands\/","url":"https:\/\/outbase.eu\/en\/izdelek\/gift-certificate-cycling-croatian-islands\/","name":"Cycling Croatian Islands | Croatia | Gift Certificate | Outbase Shop","isPartOf":{"@id":"https:\/\/outbase.eu\/en\/#website"},"primaryImageOfPage":{"@id":"https:\/\/outbase.eu\/en\/izdelek\/gift-certificate-cycling-croatian-islands\/#primaryimage"},"image":{"@id":"https:\/\/outbase.eu\/en\/izdelek\/gift-certificate-cycling-croatian-islands\/#primaryimage"},"thumbnailUrl":"https:\/\/outbase.eu\/wp-content\/uploads\/2022\/12\/LA_gift_certificate_cycling_croatian_islands.jpg","datePublished":"2022-12-07T10:13:52+00:00","dateModified":"2025-05-29T13:42:18+00:00","description":"Experience Sky Running Across the Julian Alps with full organisational support, so you can focus on what matters most - your next step. Gift Certificate!","breadcrumb":{"@id":"https:\/\/outbase.eu\/en\/izdelek\/gift-certificate-cycling-croatian-islands\/#breadcrumb"},"inLanguage":"en-US","potentialAction":[{"@type":"ReadAction","target":["https:\/\/outbase.eu\/en\/izdelek\/gift-certificate-cycling-croatian-islands\/"]}]},{"@type":"ImageObject","inLanguage":"en-US","@id":"https:\/\/outbase.eu\/en\/izdelek\/gift-certificate-cycling-croatian-islands\/#primaryimage","url":"https:\/\/outbase.eu\/wp-content\/uploads\/2022\/12\/LA_gift_certificate_cycling_croatian_islands.jpg","contentUrl":"https:\/\/outbase.eu\/wp-content\/uploads\/2022\/12\/LA_gift_certificate_cycling_croatian_islands.jpg","width":595,"height":369},{"@type":"BreadcrumbList","@id":"https:\/\/outbase.eu\/en\/izdelek\/gift-certificate-cycling-croatian-islands\/#breadcrumb","itemListElement":[{"@type":"ListItem","position":1,"name":"Home","item":"https:\/\/outbase.eu\/en\/"},{"@type":"ListItem","position":2,"name":"Shop","item":"https:\/\/outbase.eu\/en\/shop\/"},{"@type":"ListItem","position":3,"name":"Gift Certificate | Cycling the Croatian Islands"}]},{"@type":"WebSite","@id":"https:\/\/outbase.eu\/en\/#website","url":"https:\/\/outbase.eu\/en\/","name":"Outbase","description":"Outdoor Lifestyle Trgovina","potentialAction":[{"@type":"SearchAction","target":{"@type":"EntryPoint","urlTemplate":"https:\/\/outbase.eu\/en\/?s={search_term_string}"},"query-input":{"@type":"PropertyValueSpecification","valueRequired":true,"valueName":"search_term_string"}}],"inLanguage":"en-US"}]}},"_links":{"self":[{"href":"https:\/\/outbase.eu\/en\/wp-json\/wp\/v2\/product\/10771","targetHints":{"allow":["GET"]}}],"collection":[{"href":"https:\/\/outbase.eu\/en\/wp-json\/wp\/v2\/product"}],"about":[{"href":"https:\/\/outbase.eu\/en\/wp-json\/wp\/v2\/types\/product"}],"replies":[{"embeddable":true,"href":"https:\/\/outbase.eu\/en\/wp-json\/wp\/v2\/comments?post=10771"}],"wp:featuredmedia":[{"embeddable":true,"href":"https:\/\/outbase.eu\/en\/wp-json\/wp\/v2\/media\/10700"}],"wp:attachment":[{"href":"https:\/\/outbase.eu\/en\/wp-json\/wp\/v2\/media?parent=10771"}],"wp:term":[{"taxonomy":"product_brand","embeddable":true,"href":"https:\/\/outbase.eu\/en\/wp-json\/wp\/v2\/product_brand?post=10771"},{"taxonomy":"product_cat","embeddable":true,"href":"https:\/\/outbase.eu\/en\/wp-json\/wp\/v2\/product_cat?post=10771"},{"taxonomy":"product_tag","embeddable":true,"href":"https:\/\/outbase.eu\/en\/wp-json\/wp\/v2\/product_tag?post=10771"}],"curies":[{"name":"wp","href":"https:\/\/api.w.org\/{rel}","templated":true}]}}