{"id":10773,"date":"2022-12-07T11:21:22","date_gmt":"2022-12-07T10:21:22","guid":{"rendered":"https:\/\/outbase.eu\/?post_type=product&#038;p=10773"},"modified":"2025-10-22T13:29:43","modified_gmt":"2025-10-22T11:29:43","slug":"gift-certificate-croatian-islands-walk","status":"publish","type":"product","link":"https:\/\/outbase.eu\/en\/izdelek\/gift-certificate-croatian-islands-walk\/","title":{"rendered":"Gift Certificate | Croatian Islands Walk | Croatia | Self Guided"},"content":{"rendered":"","protected":false},"excerpt":{"rendered":"<div class=\"elementor-element elementor-element-57f8051c xts-scheme-inherit xts-textalign-inherit elementor-widget elementor-widget-text-editor\" data-id=\"57f8051c\" data-element_type=\"widget\" data-widget_type=\"text-editor.default\">\n<div class=\"elementor-widget-container\">\n<h4><span style=\"font-size: 16px;\">7-day walking holiday in Croatia with 7 walking tours on Dalmatian islands of Bra\u010d, Hvar, Kor\u010dula and Mljet as well as Pelje\u0161ac peninsula. Experience Croatia and Dalmatia with all senses and in their truest form. Enjoy this amazing walking tour\u00a0on seven different and beautiful walking trails.<\/span><\/h4>\n<\/div>\n<\/div>\n<div class=\"elementor-element elementor-element-258c809e xts-scheme-inherit xts-textalign-inherit elementor-widget elementor-widget-text-editor\" data-id=\"258c809e\" data-element_type=\"widget\" data-widget_type=\"text-editor.default\">\n<div class=\"elementor-widget-container\">\n<p><span style=\"font-size: 16px;\"><strong>Walking holiday in Croatia with 7 walking tours on Dalmatian islands of Bra\u010d, Hvar, Kor\u010dula and Mljet as well as Pelje\u0161ac peninsula.<\/strong>\u00a0Experience Croatia\u00a0with all senses and enjoy our walking\u00a0tours on seven different and beautiful walking trails.\u00a0Discover the beautiful city of Split and Dubrovnik and ferry hop from the Dalmatian Coast to the islands of Bra\u010d, Mljet, Kor\u010dula and Hvar.<\/span><\/p>\n<p><span style=\"font-size: 16px;\">This walking adventure will find you on leisurely to moderate walking trails and you\u2019ll find it incredibly easy to engage with the locals and their culture. <strong>One of the best multi-days walking tour in Croatia.<\/strong><\/span><\/p>\n<\/div>\n<p><strong>The tour was created and will be organized by professional staff of LIFE Adventures, which has more than 25 years of tradition and knowledge in outdoor tourism. You will receive the GIFT VOUCHER in a PDF format to your e-mail address.<\/strong> We can also send a gift voucher printed on quality paper and in a hard\/gift envelope to your preferred postal address.<\/p>\n<\/div>\n","protected":false},"featured_media":10696,"comment_status":"open","ping_status":"closed","template":"","meta":[],"product_brand":[],"product_cat":[362,267],"product_tag":[],"class_list":{"0":"post-10773","1":"product","2":"type-product","3":"status-publish","4":"has-post-thumbnail","6":"product_cat-all-items","7":"product_cat-gift-certificates","8":"tm-has-options","10":"first","11":"instock","12":"downloadable","13":"virtual","14":"taxable","15":"purchasable","16":"product-type-simple"},"yoast_head":"<!-- This site is optimized with the Yoast SEO plugin v26.7 - https:\/\/yoast.com\/wordpress\/plugins\/seo\/ -->\n<title>Croatian Islands Walk | Croatia | Gift Certificate | Outbase Shop<\/title>\n<meta name=\"description\" content=\"Give the gift of experience and make holidays extra special with a self guided Croatian Islands Walk. Do it your way with our full support. Gift Certificate!\" \/>\n<meta name=\"robots\" content=\"index, follow, max-snippet:-1, max-image-preview:large, max-video-preview:-1\" \/>\n<link rel=\"canonical\" href=\"https:\/\/outbase.eu\/en\/izdelek\/gift-certificate-croatian-islands-walk\/\" \/>\n<meta property=\"og:locale\" content=\"en_US\" \/>\n<meta property=\"og:type\" content=\"article\" \/>\n<meta property=\"og:title\" content=\"Croatian Islands Walk | Croatia | Gift Certificate | Outbase Shop\" \/>\n<meta property=\"og:description\" content=\"Give the gift of experience and make holidays extra special with a self guided Croatian Islands Walk. Do it your way with our full support. Gift Certificate!\" \/>\n<meta property=\"og:url\" content=\"https:\/\/outbase.eu\/en\/izdelek\/gift-certificate-croatian-islands-walk\/\" \/>\n<meta property=\"og:site_name\" content=\"Outbase\" \/>\n<meta property=\"article:modified_time\" content=\"2025-10-22T11:29:43+00:00\" \/>\n<meta property=\"og:image\" content=\"https:\/\/outbase.eu\/wp-content\/uploads\/2022\/12\/LA_gift_certificate_cro_islands_walk.jpg\" \/>\n\t<meta property=\"og:image:width\" content=\"595\" \/>\n\t<meta property=\"og:image:height\" content=\"369\" \/>\n\t<meta property=\"og:image:type\" content=\"image\/jpeg\" \/>\n<meta name=\"twitter:card\" content=\"summary_large_image\" \/>\n<meta name=\"twitter:label1\" content=\"Est. reading time\" \/>\n\t<meta name=\"twitter:data1\" content=\"1 minute\" \/>\n<script type=\"application\/ld+json\" class=\"yoast-schema-graph\">{\"@context\":\"https:\/\/schema.org\",\"@graph\":[{\"@type\":\"WebPage\",\"@id\":\"https:\/\/outbase.eu\/en\/izdelek\/gift-certificate-croatian-islands-walk\/\",\"url\":\"https:\/\/outbase.eu\/en\/izdelek\/gift-certificate-croatian-islands-walk\/\",\"name\":\"Croatian Islands Walk | Croatia | Gift Certificate | Outbase Shop\",\"isPartOf\":{\"@id\":\"https:\/\/outbase.eu\/en\/#website\"},\"primaryImageOfPage\":{\"@id\":\"https:\/\/outbase.eu\/en\/izdelek\/gift-certificate-croatian-islands-walk\/#primaryimage\"},\"image\":{\"@id\":\"https:\/\/outbase.eu\/en\/izdelek\/gift-certificate-croatian-islands-walk\/#primaryimage\"},\"thumbnailUrl\":\"https:\/\/outbase.eu\/wp-content\/uploads\/2022\/12\/LA_gift_certificate_cro_islands_walk.jpg\",\"datePublished\":\"2022-12-07T10:21:22+00:00\",\"dateModified\":\"2025-10-22T11:29:43+00:00\",\"description\":\"Give the gift of experience and make holidays extra special with a self guided Croatian Islands Walk. Do it your way with our full support. Gift Certificate!\",\"breadcrumb\":{\"@id\":\"https:\/\/outbase.eu\/en\/izdelek\/gift-certificate-croatian-islands-walk\/#breadcrumb\"},\"inLanguage\":\"en-US\",\"potentialAction\":[{\"@type\":\"ReadAction\",\"target\":[\"https:\/\/outbase.eu\/en\/izdelek\/gift-certificate-croatian-islands-walk\/\"]}]},{\"@type\":\"ImageObject\",\"inLanguage\":\"en-US\",\"@id\":\"https:\/\/outbase.eu\/en\/izdelek\/gift-certificate-croatian-islands-walk\/#primaryimage\",\"url\":\"https:\/\/outbase.eu\/wp-content\/uploads\/2022\/12\/LA_gift_certificate_cro_islands_walk.jpg\",\"contentUrl\":\"https:\/\/outbase.eu\/wp-content\/uploads\/2022\/12\/LA_gift_certificate_cro_islands_walk.jpg\",\"width\":595,\"height\":369},{\"@type\":\"BreadcrumbList\",\"@id\":\"https:\/\/outbase.eu\/en\/izdelek\/gift-certificate-croatian-islands-walk\/#breadcrumb\",\"itemListElement\":[{\"@type\":\"ListItem\",\"position\":1,\"name\":\"Home\",\"item\":\"https:\/\/outbase.eu\/en\/\"},{\"@type\":\"ListItem\",\"position\":2,\"name\":\"Shop\",\"item\":\"https:\/\/outbase.eu\/en\/shop\/\"},{\"@type\":\"ListItem\",\"position\":3,\"name\":\"Gift Certificate | Croatian Islands Walk | Croatia | Self Guided\"}]},{\"@type\":\"WebSite\",\"@id\":\"https:\/\/outbase.eu\/en\/#website\",\"url\":\"https:\/\/outbase.eu\/en\/\",\"name\":\"Outbase\",\"description\":\"Outdoor Lifestyle Trgovina\",\"potentialAction\":[{\"@type\":\"SearchAction\",\"target\":{\"@type\":\"EntryPoint\",\"urlTemplate\":\"https:\/\/outbase.eu\/en\/?s={search_term_string}\"},\"query-input\":{\"@type\":\"PropertyValueSpecification\",\"valueRequired\":true,\"valueName\":\"search_term_string\"}}],\"inLanguage\":\"en-US\"}]}<\/script>\n<!-- \/ Yoast SEO plugin. -->","yoast_head_json":{"title":"Croatian Islands Walk | Croatia | Gift Certificate | Outbase Shop","description":"Give the gift of experience and make holidays extra special with a self guided Croatian Islands Walk. Do it your way with our full support. Gift Certificate!","robots":{"index":"index","follow":"follow","max-snippet":"max-snippet:-1","max-image-preview":"max-image-preview:large","max-video-preview":"max-video-preview:-1"},"canonical":"https:\/\/outbase.eu\/en\/izdelek\/gift-certificate-croatian-islands-walk\/","og_locale":"en_US","og_type":"article","og_title":"Croatian Islands Walk | Croatia | Gift Certificate | Outbase Shop","og_description":"Give the gift of experience and make holidays extra special with a self guided Croatian Islands Walk. Do it your way with our full support. Gift Certificate!","og_url":"https:\/\/outbase.eu\/en\/izdelek\/gift-certificate-croatian-islands-walk\/","og_site_name":"Outbase","article_modified_time":"2025-10-22T11:29:43+00:00","og_image":[{"width":595,"height":369,"url":"https:\/\/outbase.eu\/wp-content\/uploads\/2022\/12\/LA_gift_certificate_cro_islands_walk.jpg","type":"image\/jpeg"}],"twitter_card":"summary_large_image","twitter_misc":{"Est. reading time":"1 minute"},"schema":{"@context":"https:\/\/schema.org","@graph":[{"@type":"WebPage","@id":"https:\/\/outbase.eu\/en\/izdelek\/gift-certificate-croatian-islands-walk\/","url":"https:\/\/outbase.eu\/en\/izdelek\/gift-certificate-croatian-islands-walk\/","name":"Croatian Islands Walk | Croatia | Gift Certificate | Outbase Shop","isPartOf":{"@id":"https:\/\/outbase.eu\/en\/#website"},"primaryImageOfPage":{"@id":"https:\/\/outbase.eu\/en\/izdelek\/gift-certificate-croatian-islands-walk\/#primaryimage"},"image":{"@id":"https:\/\/outbase.eu\/en\/izdelek\/gift-certificate-croatian-islands-walk\/#primaryimage"},"thumbnailUrl":"https:\/\/outbase.eu\/wp-content\/uploads\/2022\/12\/LA_gift_certificate_cro_islands_walk.jpg","datePublished":"2022-12-07T10:21:22+00:00","dateModified":"2025-10-22T11:29:43+00:00","description":"Give the gift of experience and make holidays extra special with a self guided Croatian Islands Walk. Do it your way with our full support. Gift Certificate!","breadcrumb":{"@id":"https:\/\/outbase.eu\/en\/izdelek\/gift-certificate-croatian-islands-walk\/#breadcrumb"},"inLanguage":"en-US","potentialAction":[{"@type":"ReadAction","target":["https:\/\/outbase.eu\/en\/izdelek\/gift-certificate-croatian-islands-walk\/"]}]},{"@type":"ImageObject","inLanguage":"en-US","@id":"https:\/\/outbase.eu\/en\/izdelek\/gift-certificate-croatian-islands-walk\/#primaryimage","url":"https:\/\/outbase.eu\/wp-content\/uploads\/2022\/12\/LA_gift_certificate_cro_islands_walk.jpg","contentUrl":"https:\/\/outbase.eu\/wp-content\/uploads\/2022\/12\/LA_gift_certificate_cro_islands_walk.jpg","width":595,"height":369},{"@type":"BreadcrumbList","@id":"https:\/\/outbase.eu\/en\/izdelek\/gift-certificate-croatian-islands-walk\/#breadcrumb","itemListElement":[{"@type":"ListItem","position":1,"name":"Home","item":"https:\/\/outbase.eu\/en\/"},{"@type":"ListItem","position":2,"name":"Shop","item":"https:\/\/outbase.eu\/en\/shop\/"},{"@type":"ListItem","position":3,"name":"Gift Certificate | Croatian Islands Walk | Croatia | Self Guided"}]},{"@type":"WebSite","@id":"https:\/\/outbase.eu\/en\/#website","url":"https:\/\/outbase.eu\/en\/","name":"Outbase","description":"Outdoor Lifestyle Trgovina","potentialAction":[{"@type":"SearchAction","target":{"@type":"EntryPoint","urlTemplate":"https:\/\/outbase.eu\/en\/?s={search_term_string}"},"query-input":{"@type":"PropertyValueSpecification","valueRequired":true,"valueName":"search_term_string"}}],"inLanguage":"en-US"}]}},"_links":{"self":[{"href":"https:\/\/outbase.eu\/en\/wp-json\/wp\/v2\/product\/10773","targetHints":{"allow":["GET"]}}],"collection":[{"href":"https:\/\/outbase.eu\/en\/wp-json\/wp\/v2\/product"}],"about":[{"href":"https:\/\/outbase.eu\/en\/wp-json\/wp\/v2\/types\/product"}],"replies":[{"embeddable":true,"href":"https:\/\/outbase.eu\/en\/wp-json\/wp\/v2\/comments?post=10773"}],"wp:featuredmedia":[{"embeddable":true,"href":"https:\/\/outbase.eu\/en\/wp-json\/wp\/v2\/media\/10696"}],"wp:attachment":[{"href":"https:\/\/outbase.eu\/en\/wp-json\/wp\/v2\/media?parent=10773"}],"wp:term":[{"taxonomy":"product_brand","embeddable":true,"href":"https:\/\/outbase.eu\/en\/wp-json\/wp\/v2\/product_brand?post=10773"},{"taxonomy":"product_cat","embeddable":true,"href":"https:\/\/outbase.eu\/en\/wp-json\/wp\/v2\/product_cat?post=10773"},{"taxonomy":"product_tag","embeddable":true,"href":"https:\/\/outbase.eu\/en\/wp-json\/wp\/v2\/product_tag?post=10773"}],"curies":[{"name":"wp","href":"https:\/\/api.w.org\/{rel}","templated":true}]}}